{"id":74,"date":"2018-05-12T16:52:03","date_gmt":"2018-05-12T16:52:03","guid":{"rendered":"http:\/\/lichtbiologie.de\/?page_id=74"},"modified":"2018-05-12T16:52:03","modified_gmt":"2018-05-12T16:52:03","slug":"gluehlampe","status":"publish","type":"page","link":"https:\/\/lichtbiologie.de\/?page_id=74","title":{"rendered":"Gl\u00fchlampe"},"content":{"rendered":"<p>Diese Webpr\u00e4senz ist seit Ende 2006 online, also noch bevor der Umweltgipfel in Heiligendamm (2007) stattgefunden hatte. Seit damals hat sich sehr viel ge\u00e4ndert, mittlerweile ist die normale Gl\u00fchlampe \u201eausgephast\u201c. Das so genannte &#8222;Gl\u00fchlampenverbot\u201c ist ein Musterbeispiel f\u00fcr europ\u00e4ische Regulierungswut und Lobbyismus. An die Gesundheit der Menschen hat hierbei sicher niemand gedacht, und wenn doch, dann sicher nicht im Sinne einer Erhaltung derselben&#8230;<\/p>\n<p>Die Gl\u00fchlampe erzeugt ein Licht, an das sich Mensch und Tier seit Jahrmillionen angepasst hat, ein Licht, das in einer Allianz mit W\u00e4rme entsteht. Welche Folgen es f\u00fcr uns hat, wenn wir nur noch mit Kaltlichtquellen, also nicht-thermischem Licht, konfrontiert sind, kann noch niemand wirklich absehen. Es gibt jedoch immer mehr Indizien daf\u00fcr, dass dieses kalte Kunstlicht aus Energiesparlampen und LEDs unserer Gesundheit schweren Schaden zuf\u00fcgen kann. Die Gr\u00fcnde hierf\u00fcr finden Sie auf dieser Website zusammengetragen.<span class=\"Apple-converted-space\">\u00a0<\/span><\/p>\n<p>Diese Webpr\u00e4senz sollte auch der Dokumentation einzelner Vorg\u00e4nge des skandal\u00f6sen Gl\u00fchlampenverbots dienen und wurde daher inhaltlich lange Zeit nicht angepasst &#8211; sie wurde sozusagen im Urzustand belassen.<\/p>\n<p>Seit 2018 gilt nun die neue Datenschutz-Grundverordnung (DSGVO), womit eine tiefgreifende \u00dcberarbeitung n\u00f6tig wurde. Alle Dokumente, die sich auf das &#8222;Gl\u00fchlampen-Verbot&#8220; beziehen, werden nun unter diesem Men\u00fcpunkt zusammengefasst bzw. aufgelistet<\/p>\n","protected":false},"excerpt":{"rendered":"<p>Diese Webpr\u00e4senz ist seit Ende 2006 online, also noch bevor der Umweltgipfel in Heiligendamm (2007) stattgefunden hatte. Seit damals hat sich sehr viel ge\u00e4ndert, mittlerweile ist die normale Gl\u00fchlampe \u201eausgephast\u201c. Das so genannte &#8222;Gl\u00fchlampenverbot\u201c ist ein Musterbeispiel f\u00fcr europ\u00e4ische Regulierungswut und Lobbyismus. An die Gesundheit der Menschen hat hierbei sicher niemand gedacht, und wenn doch, &hellip; <a href=\"https:\/\/lichtbiologie.de\/?page_id=74\" class=\"more-link\"><span class=\"screen-reader-text\">\u201eGl\u00fchlampe\u201c<\/span> weiterlesen<\/a><\/p>\n","protected":false},"author":1,"featured_media":0,"parent":0,"menu_order":0,"comment_status":"closed","ping_status":"closed","template":"","meta":[],"_links":{"self":[{"href":"https:\/\/lichtbiologie.de\/index.php?rest_route=\/wp\/v2\/pages\/74"}],"collection":[{"href":"https:\/\/lichtbiologie.de\/index.php?rest_route=\/wp\/v2\/pages"}],"about":[{"href":"https:\/\/lichtbiologie.de\/index.php?rest_route=\/wp\/v2\/types\/page"}],"author":[{"embeddable":true,"href":"https:\/\/lichtbiologie.de\/index.php?rest_route=\/wp\/v2\/users\/1"}],"replies":[{"embeddable":true,"href":"https:\/\/lichtbiologie.de\/index.php?rest_route=%2Fwp%2Fv2%2Fcomments&post=74"}],"version-history":[{"count":1,"href":"https:\/\/lichtbiologie.de\/index.php?rest_route=\/wp\/v2\/pages\/74\/revisions"}],"predecessor-version":[{"id":75,"href":"https:\/\/lichtbiologie.de\/index.php?rest_route=\/wp\/v2\/pages\/74\/revisions\/75"}],"wp:attachment":[{"href":"https:\/\/lichtbiologie.de\/index.php?rest_route=%2Fwp%2Fv2%2Fmedia&parent=74"}],"curies":[{"name":"wp","href":"https:\/\/api.w.org\/{rel}","templated":true}]}}