{"id":59,"date":"2018-05-12T16:26:06","date_gmt":"2018-05-12T16:26:06","guid":{"rendered":"http:\/\/lichtbiologie.de\/?page_id=59"},"modified":"2023-08-01T08:10:21","modified_gmt":"2023-08-01T08:10:21","slug":"impressum","status":"publish","type":"page","link":"https:\/\/lichtbiologie.de\/?page_id=59","title":{"rendered":"Impressum"},"content":{"rendered":"<p><strong>Anbieter &amp; Verantwortlicher<span class=\"Apple-converted-space\">\u00a0<\/span>nach \u00a7 6 Abs. 2 MDStV:<\/strong><\/p>\n<p>Dr. med. Alexander Wunsch<br \/>\nNeum\u00fchlweg 3<br \/>\n67454 Ha\u00dfloch<br \/>\nDeutschland<\/p>\n<p><strong>Kontakt:<\/strong><\/p>\n<p>Fon: +49-6221-163457<br \/>\neMail: wunschart@gmail.com<br \/>\nWebsite: www.lichtbiologie.de<span class=\"Apple-converted-space\">\u00a0<\/span><\/p>\n<p><a href=\"http:\/\/www.disclaimer.de\/disclaimer.htm?farbe=FFFFFF\/000000\/000000\/000000#2\" target=\"_blank\" rel=\"noopener\"><strong>Haftungsausschluss<\/strong><\/a><\/p>\n<p>Die Informationen auf dieser Seite sind allgemeiner und informativer Art. Sie dienen der allgemeinen Bildung und Weiterbildung. Die Beitr\u00e4ge stellen keine medizinisch-therapeutische Beratung dar und k\u00f6nnen nicht der Beratung in Bezug auf tats\u00e4chliche gesundheitliche Probleme dienen. Sie sollten nicht versuchen, eine reale Problemstellung aufgrund der Informationen dieser Seiten zu l\u00f6sen. Lassen Sie sich bei gesundheitlichen Problemen stets von einem fachlich kompetenten Therapeuten Ihrer Wahl beraten.<\/p>\n<p>Die Inhalte dieser Seiten werden mit gr\u00f6\u00dfter Sorgfalt erstellt. F\u00fcr Richtigkeit, Vollst\u00e4ndigkeit und Aktualit\u00e4t dieser Inhalte kann jedoch keine Haftung \u00fcbernommen werden. Schon die Tatsache, dass sich Wissenschaft, Medizin und Technologien st\u00e4ndig weiterentwickeln, f\u00fchrt dazu, dass Informationen nach einiger Zeit veraltet, unrichtig oder widerspr\u00fcchlich sein k\u00f6nnen.<\/p>\n","protected":false},"excerpt":{"rendered":"<p>Anbieter &amp; Verantwortlicher\u00a0nach \u00a7 6 Abs. 2 MDStV: Dr. med. Alexander Wunsch Neum\u00fchlweg 3 67454 Ha\u00dfloch Deutschland Kontakt: Fon: +49-6221-163457 eMail: wunschart@gmail.com Website: www.lichtbiologie.de\u00a0 Haftungsausschluss Die Informationen auf dieser Seite sind allgemeiner und informativer Art. Sie dienen der allgemeinen Bildung und Weiterbildung. Die Beitr\u00e4ge stellen keine medizinisch-therapeutische Beratung dar und k\u00f6nnen nicht der Beratung in &hellip; <a href=\"https:\/\/lichtbiologie.de\/?page_id=59\" class=\"more-link\"><span class=\"screen-reader-text\">\u201eImpressum\u201c<\/span> weiterlesen<\/a><\/p>\n","protected":false},"author":1,"featured_media":0,"parent":0,"menu_order":0,"comment_status":"closed","ping_status":"closed","template":"","meta":[],"_links":{"self":[{"href":"https:\/\/lichtbiologie.de\/index.php?rest_route=\/wp\/v2\/pages\/59"}],"collection":[{"href":"https:\/\/lichtbiologie.de\/index.php?rest_route=\/wp\/v2\/pages"}],"about":[{"href":"https:\/\/lichtbiologie.de\/index.php?rest_route=\/wp\/v2\/types\/page"}],"author":[{"embeddable":true,"href":"https:\/\/lichtbiologie.de\/index.php?rest_route=\/wp\/v2\/users\/1"}],"replies":[{"embeddable":true,"href":"https:\/\/lichtbiologie.de\/index.php?rest_route=%2Fwp%2Fv2%2Fcomments&post=59"}],"version-history":[{"count":7,"href":"https:\/\/lichtbiologie.de\/index.php?rest_route=\/wp\/v2\/pages\/59\/revisions"}],"predecessor-version":[{"id":470,"href":"https:\/\/lichtbiologie.de\/index.php?rest_route=\/wp\/v2\/pages\/59\/revisions\/470"}],"wp:attachment":[{"href":"https:\/\/lichtbiologie.de\/index.php?rest_route=%2Fwp%2Fv2%2Fmedia&parent=59"}],"curies":[{"name":"wp","href":"https:\/\/api.w.org\/{rel}","templated":true}]}}