{"id":51,"date":"2018-05-12T16:21:21","date_gmt":"2018-05-12T16:21:21","guid":{"rendered":"http:\/\/lichtbiologie.de\/?page_id=51"},"modified":"2018-05-12T16:36:53","modified_gmt":"2018-05-12T16:36:53","slug":"intro","status":"publish","type":"page","link":"https:\/\/lichtbiologie.de\/?page_id=51","title":{"rendered":"INTRO"},"content":{"rendered":"<p>Die Lichtbiologie beschreibt die Zusammenh\u00e4nge zwischen Licht und belebter Natur. Darunter fallen nat\u00fcrlich grundlegend lebenserhaltende Mechanismen wie die Photosynthese, die die gesamte Biomasse bildet und deren Metabolismus aufrecht erh\u00e4lt, aber auch die Lichtreaktionen von Tieren und Menschen. Es ist offensichtlich, dass das Licht in Abh\u00e4ngigkeit von der Entwicklungsstufe eines Lebewesens eine unterschiedliche Rolle spielt: je einfacher die biologische Struktur, desto direkter wirkt das Licht. Wenn Pflanzen ohne Licht schnell zugrunde gehen, kann der Mensch auch ohne Sonnenlicht eine Zeitlang \u00fcberleben, allerdings leiden dabei Lebensgef\u00fchl und Hom\u00f6ostase.<span class=\"Apple-converted-space\">\u00a0<\/span><\/p>\n<p>W\u00e4hrend in fast allen Kulturen\u00a0das Wissen um die innigen Zusammenh\u00e4nge zwischen Licht, Sonne und Leben \u00fcber die Religion zum Ausdruck kommt, hat die westliche Welt den Bezug zum nat\u00fcrlichen Licht weitgehend verloren. Dieser Umstand f\u00fchrt zu meist gedankenlosem Einsatz von Kunstlicht und dem Versuch, den angeborenen Lichthunger mit Kunstlicht zu stillen. K\u00fcnstliche Lichtquellen k\u00f6nnen im K\u00f6rper jedoch vielfach nicht halten, was sie dem Auge versprechen. Demgegen\u00fcber steht das Sonnenlicht, \u00fcber das es zu einer ebenfalls ungesunden Polarisierung gekommen ist: den einen Pol besetzen die Sonnenanbeter, den anderen die Sonnenvermeider und Hautkrebswarner. Beide Standpunkte sind extrem und daher nicht positiv zu bewerten.<span class=\"Apple-converted-space\">\u00a0<\/span><\/p>\n<p>Wie so oft liegt die Wahrheit\u00a0im goldenen Mittelweg, worauf neue Studien verweisen und was durch altes Erfahrungswissen belegt ist. Wissen ist Macht, das gilt insbesondere auch im Umgang mit jeder Art von Licht, denn falsch eingesetztes Licht kann krank machen, gut angewendetes Licht f\u00f6rdert die Gesundheit und kann sogar heilen. In der heutigen Zeit gilt es mehr denn je, die zur Verf\u00fcgung stehenden Mittel zur Erhaltung von Gesundheit und Wohlbefinden auch einzusetzen, damit die h\u00f6here Lebenserwartung auch von einer h\u00f6heren Lebensqualit\u00e4t begleitet wird.<span class=\"Apple-converted-space\">\u00a0<\/span><\/p>\n","protected":false},"excerpt":{"rendered":"<p>Die Lichtbiologie beschreibt die Zusammenh\u00e4nge zwischen Licht und belebter Natur. Darunter fallen nat\u00fcrlich grundlegend lebenserhaltende Mechanismen wie die Photosynthese, die die gesamte Biomasse bildet und deren Metabolismus aufrecht erh\u00e4lt, aber auch die Lichtreaktionen von Tieren und Menschen. Es ist offensichtlich, dass das Licht in Abh\u00e4ngigkeit von der Entwicklungsstufe eines Lebewesens eine unterschiedliche Rolle spielt: je &hellip; <a href=\"https:\/\/lichtbiologie.de\/?page_id=51\" class=\"more-link\"><span class=\"screen-reader-text\">\u201eINTRO\u201c<\/span> weiterlesen<\/a><\/p>\n","protected":false},"author":1,"featured_media":0,"parent":0,"menu_order":0,"comment_status":"closed","ping_status":"closed","template":"","meta":[],"_links":{"self":[{"href":"https:\/\/lichtbiologie.de\/index.php?rest_route=\/wp\/v2\/pages\/51"}],"collection":[{"href":"https:\/\/lichtbiologie.de\/index.php?rest_route=\/wp\/v2\/pages"}],"about":[{"href":"https:\/\/lichtbiologie.de\/index.php?rest_route=\/wp\/v2\/types\/page"}],"author":[{"embeddable":true,"href":"https:\/\/lichtbiologie.de\/index.php?rest_route=\/wp\/v2\/users\/1"}],"replies":[{"embeddable":true,"href":"https:\/\/lichtbiologie.de\/index.php?rest_route=%2Fwp%2Fv2%2Fcomments&post=51"}],"version-history":[{"count":2,"href":"https:\/\/lichtbiologie.de\/index.php?rest_route=\/wp\/v2\/pages\/51\/revisions"}],"predecessor-version":[{"id":69,"href":"https:\/\/lichtbiologie.de\/index.php?rest_route=\/wp\/v2\/pages\/51\/revisions\/69"}],"wp:attachment":[{"href":"https:\/\/lichtbiologie.de\/index.php?rest_route=%2Fwp%2Fv2%2Fmedia&parent=51"}],"curies":[{"name":"wp","href":"https:\/\/api.w.org\/{rel}","templated":true}]}}