{"id":26,"date":"2018-05-12T15:40:43","date_gmt":"2018-05-12T15:40:43","guid":{"rendered":"http:\/\/lichtbiologie.de\/?page_id=26"},"modified":"2018-05-12T17:19:30","modified_gmt":"2018-05-12T17:19:30","slug":"gestern","status":"publish","type":"page","link":"https:\/\/lichtbiologie.de\/?page_id=26","title":{"rendered":"gestern"},"content":{"rendered":"<p>Die Lichtbiologie ist kein neues Fachgebiet &#8211; im Gegenteil! Wir k\u00f6nnen heute auf \u00fcber zwei Jahrhunderte lichtbiologischer Forschungen zur\u00fcckblicken, was eine spannende Angelegenheit ist. Die Lichtforscher der Vergangenheit waren in ihrem Denken oft wesentlich kreativer als mancher heutige Wissenschaftler, denn es gab einen viel gr\u00f6\u00dferen Erkl\u00e4rungsbedarf.<\/p>\n<p>Viele Ph\u00e4nomene des Lebens konnte man sich damals nicht erkl\u00e4ren, da z.B. die Erbsubstanz noch nicht entdeckt worden war. Auch war es in fr\u00fcheren Zeiten einfacher, den Blick f\u00fcr das Wesentliche zu behalten, anstatt sich in fraktalen Details zu verlieren. Der gesunde Menschenverstand, der aus vielen der alten Texte spricht, ist wie Balsam f\u00fcr jeden, der mehr verstehen und begreifen m\u00f6chte, anstatt nur nachzubeten, was mancher Spezialist der heutigen Zeit als die einzige Wahrheit anerkennen oder verbreiten will.<\/p>\n<p>Der Bereich &#8222;gestern&#8220; bietet vier Abteilungen: Personen, Bibliothek, Museum und Gl\u00fchlampe.<\/p>\n","protected":false},"excerpt":{"rendered":"<p>Die Lichtbiologie ist kein neues Fachgebiet &#8211; im Gegenteil! Wir k\u00f6nnen heute auf \u00fcber zwei Jahrhunderte lichtbiologischer Forschungen zur\u00fcckblicken, was eine spannende Angelegenheit ist. Die Lichtforscher der Vergangenheit waren in ihrem Denken oft wesentlich kreativer als mancher heutige Wissenschaftler, denn es gab einen viel gr\u00f6\u00dferen Erkl\u00e4rungsbedarf. Viele Ph\u00e4nomene des Lebens konnte man sich damals nicht &hellip; <a href=\"https:\/\/lichtbiologie.de\/?page_id=26\" class=\"more-link\"><span class=\"screen-reader-text\">\u201egestern\u201c<\/span> weiterlesen<\/a><\/p>\n","protected":false},"author":1,"featured_media":0,"parent":0,"menu_order":0,"comment_status":"closed","ping_status":"closed","template":"","meta":[],"_links":{"self":[{"href":"https:\/\/lichtbiologie.de\/index.php?rest_route=\/wp\/v2\/pages\/26"}],"collection":[{"href":"https:\/\/lichtbiologie.de\/index.php?rest_route=\/wp\/v2\/pages"}],"about":[{"href":"https:\/\/lichtbiologie.de\/index.php?rest_route=\/wp\/v2\/types\/page"}],"author":[{"embeddable":true,"href":"https:\/\/lichtbiologie.de\/index.php?rest_route=\/wp\/v2\/users\/1"}],"replies":[{"embeddable":true,"href":"https:\/\/lichtbiologie.de\/index.php?rest_route=%2Fwp%2Fv2%2Fcomments&post=26"}],"version-history":[{"count":4,"href":"https:\/\/lichtbiologie.de\/index.php?rest_route=\/wp\/v2\/pages\/26\/revisions"}],"predecessor-version":[{"id":81,"href":"https:\/\/lichtbiologie.de\/index.php?rest_route=\/wp\/v2\/pages\/26\/revisions\/81"}],"wp:attachment":[{"href":"https:\/\/lichtbiologie.de\/index.php?rest_route=%2Fwp%2Fv2%2Fmedia&parent=26"}],"curies":[{"name":"wp","href":"https:\/\/api.w.org\/{rel}","templated":true}]}}